{"id":6348,"date":"2024-10-30T12:55:59","date_gmt":"2024-10-30T11:55:59","guid":{"rendered":"https:\/\/smyckesguld.se\/carriage\/"},"modified":"2025-09-28T17:57:19","modified_gmt":"2025-09-28T15:57:19","slug":"carriage","status":"publish","type":"page","link":"https:\/\/smyckesguld.se\/en\/carriage\/","title":{"rendered":"Carriage"},"content":{"rendered":"\t\t<div data-elementor-type=\"wp-page\" data-elementor-id=\"6348\" class=\"elementor elementor-6348 elementor-3204\" data-elementor-post-type=\"page\">\n\t\t\t\t<div class=\"elementor-element elementor-element-8bdf03b e-flex e-con-boxed e-con e-parent\" data-id=\"8bdf03b\" data-element_type=\"container\" data-e-type=\"container\" data-settings=\"{&quot;jet_parallax_layout_list&quot;:[]}\">\n\t\t\t\t\t<div class=\"e-con-inner\">\n\t\t\t\t<div class=\"elementor-element elementor-element-21e94eb1 e-cart-layout-one-column e-cart-empty-template-active elementor-widget elementor-widget-woocommerce-cart\" data-id=\"21e94eb1\" data-element_type=\"widget\" data-e-type=\"widget\" data-widget_type=\"woocommerce-cart.default\">\n\t\t\t\t<div class=\"elementor-widget-container\">\n\t\t\t\t\t<div class=\"woocommerce\"><div class=\"woocommerce-notices-wrapper\"><\/div><div class=\"wc-empty-cart-message\">\n\t<div class=\"cart-empty woocommerce-info\" role=\"status\">\n\t\tYour cart is currently empty.\t<\/div>\n<\/div>\t<p class=\"return-to-shop\">\n\t\t<a class=\"button wc-backward\" href=\"https:\/\/smyckesguld.se\/en\/shop\/\">\n\t\t\tReturn to shop\t\t<\/a>\n\t<\/p>\n<\/div>\t\t\t\t<\/div>\n\t\t\t\t<\/div>\n\t\t\t\t\t<\/div>\n\t\t\t\t<\/div>\n\t\t\t\t<\/div>\n\t\t","protected":false},"excerpt":{"rendered":"<p>Din varukorg \u00e4r f\u00f6r n\u00e4rvarande tom. G\u00e5 tillbaka till butiken<\/p>\n","protected":false},"author":2,"featured_media":0,"parent":0,"menu_order":0,"comment_status":"closed","ping_status":"closed","template":"","meta":{"footnotes":""},"class_list":["post-6348","page","type-page","status-publish","hentry"],"_links":{"self":[{"href":"https:\/\/smyckesguld.se\/en\/wp-json\/wp\/v2\/pages\/6348","targetHints":{"allow":["GET"]}}],"collection":[{"href":"https:\/\/smyckesguld.se\/en\/wp-json\/wp\/v2\/pages"}],"about":[{"href":"https:\/\/smyckesguld.se\/en\/wp-json\/wp\/v2\/types\/page"}],"author":[{"embeddable":true,"href":"https:\/\/smyckesguld.se\/en\/wp-json\/wp\/v2\/users\/2"}],"replies":[{"embeddable":true,"href":"https:\/\/smyckesguld.se\/en\/wp-json\/wp\/v2\/comments?post=6348"}],"version-history":[{"count":3,"href":"https:\/\/smyckesguld.se\/en\/wp-json\/wp\/v2\/pages\/6348\/revisions"}],"predecessor-version":[{"id":6409,"href":"https:\/\/smyckesguld.se\/en\/wp-json\/wp\/v2\/pages\/6348\/revisions\/6409"}],"wp:attachment":[{"href":"https:\/\/smyckesguld.se\/en\/wp-json\/wp\/v2\/media?parent=6348"}],"curies":[{"name":"wp","href":"https:\/\/api.w.org\/{rel}","templated":true}]}}